{"id":115,"date":"2020-05-09T12:37:30","date_gmt":"2020-05-09T10:37:30","guid":{"rendered":"http:\/\/zlobek.krzyz.pl\/?page_id=115"},"modified":"2020-05-10T17:17:38","modified_gmt":"2020-05-10T15:17:38","slug":"projekt-pierwszy-zlobek-w-krzyzu-wielkopolskim","status":"publish","type":"page","link":"http:\/\/zlobek.krzyz.pl\/index.php\/projekt-pierwszy-zlobek-w-krzyzu-wielkopolskim\/","title":{"rendered":"Projekt &#8222;Pierwszy \u017c\u0142obek w Krzy\u017cu Wielkopolskim&#8221;"},"content":{"rendered":"\t\t<div data-elementor-type=\"wp-page\" data-elementor-id=\"115\" class=\"elementor elementor-115\">\n\t\t\t\t\t\t\t\t\t<section class=\"elementor-section elementor-top-section elementor-element elementor-element-f769be1 elementor-section-boxed elementor-section-height-default elementor-section-height-default\" data-id=\"f769be1\" data-element_type=\"section\">\n\t\t\t\t\t\t<div class=\"elementor-container elementor-column-gap-default\">\n\t\t\t\t\t<div class=\"elementor-column elementor-col-100 elementor-top-column elementor-element elementor-element-9ed40b2\" data-id=\"9ed40b2\" data-element_type=\"column\">\n\t\t\t<div class=\"elementor-widget-wrap elementor-element-populated\">\n\t\t\t\t\t\t\t\t<div class=\"elementor-element elementor-element-9c3ae5b elementor-widget elementor-widget-image\" data-id=\"9c3ae5b\" data-element_type=\"widget\" data-widget_type=\"image.default\">\n\t\t\t\t<div class=\"elementor-widget-container\">\n\t\t\t\t\t\t\t\t\t\t\t\t\t\t\t<img loading=\"lazy\" decoding=\"async\" width=\"724\" height=\"1024\" src=\"http:\/\/zlobek.krzyz.pl\/wp-content\/uploads\/2020\/05\/projekt-1-724x1024.jpg\" class=\"attachment-large size-large wp-image-176\" alt=\"\" srcset=\"http:\/\/zlobek.krzyz.pl\/wp-content\/uploads\/2020\/05\/projekt-1-724x1024.jpg 724w, http:\/\/zlobek.krzyz.pl\/wp-content\/uploads\/2020\/05\/projekt-1-212x300.jpg 212w, http:\/\/zlobek.krzyz.pl\/wp-content\/uploads\/2020\/05\/projekt-1-768x1086.jpg 768w, http:\/\/zlobek.krzyz.pl\/wp-content\/uploads\/2020\/05\/projekt-1-1086x1536.jpg 1086w, http:\/\/zlobek.krzyz.pl\/wp-content\/uploads\/2020\/05\/projekt-1-1448x2048.jpg 1448w, http:\/\/zlobek.krzyz.pl\/wp-content\/uploads\/2020\/05\/projekt-1-1024x1448.jpg 1024w, http:\/\/zlobek.krzyz.pl\/wp-content\/uploads\/2020\/05\/projekt-1-764x1080.jpg 764w, http:\/\/zlobek.krzyz.pl\/wp-content\/uploads\/2020\/05\/projekt-1.jpg 1654w\" sizes=\"(max-width: 724px) 100vw, 724px\" \/>\t\t\t\t\t\t\t\t\t\t\t\t\t\t\t<\/div>\n\t\t\t\t<\/div>\n\t\t\t\t\t<\/div>\n\t\t<\/div>\n\t\t\t\t\t\t\t<\/div>\n\t\t<\/section>\n\t\t\t\t\t\t\t<\/div>\n\t\t","protected":false},"excerpt":{"rendered":"","protected":false},"author":1,"featured_media":0,"parent":0,"menu_order":0,"comment_status":"closed","ping_status":"closed","template":"","meta":{"footnotes":""},"class_list":["post-115","page","type-page","status-publish","hentry"],"aioseo_notices":[],"_links":{"self":[{"href":"http:\/\/zlobek.krzyz.pl\/index.php\/wp-json\/wp\/v2\/pages\/115"}],"collection":[{"href":"http:\/\/zlobek.krzyz.pl\/index.php\/wp-json\/wp\/v2\/pages"}],"about":[{"href":"http:\/\/zlobek.krzyz.pl\/index.php\/wp-json\/wp\/v2\/types\/page"}],"author":[{"embeddable":true,"href":"http:\/\/zlobek.krzyz.pl\/index.php\/wp-json\/wp\/v2\/users\/1"}],"replies":[{"embeddable":true,"href":"http:\/\/zlobek.krzyz.pl\/index.php\/wp-json\/wp\/v2\/comments?post=115"}],"version-history":[{"count":2,"href":"http:\/\/zlobek.krzyz.pl\/index.php\/wp-json\/wp\/v2\/pages\/115\/revisions"}],"predecessor-version":[{"id":177,"href":"http:\/\/zlobek.krzyz.pl\/index.php\/wp-json\/wp\/v2\/pages\/115\/revisions\/177"}],"wp:attachment":[{"href":"http:\/\/zlobek.krzyz.pl\/index.php\/wp-json\/wp\/v2\/media?parent=115"}],"curies":[{"name":"wp","href":"https:\/\/api.w.org\/{rel}","templated":true}]}}