{"id":136,"date":"2020-05-09T16:34:54","date_gmt":"2020-05-09T14:34:54","guid":{"rendered":"http:\/\/zlobek.krzyz.pl\/?page_id=136"},"modified":"2020-05-10T15:54:15","modified_gmt":"2020-05-10T13:54:15","slug":"informacja-o-zlobku","status":"publish","type":"page","link":"http:\/\/zlobek.krzyz.pl\/index.php\/informacja-o-zlobku\/","title":{"rendered":"Informacja o \u017c\u0142obku"},"content":{"rendered":"\t\t<div data-elementor-type=\"wp-page\" data-elementor-id=\"136\" class=\"elementor elementor-136\">\n\t\t\t\t\t\t\t\t\t<section class=\"elementor-section elementor-top-section elementor-element elementor-element-391af171 elementor-section-content-middle elementor-section-boxed elementor-section-height-default elementor-section-height-default\" data-id=\"391af171\" data-element_type=\"section\">\n\t\t\t\t\t\t<div class=\"elementor-container elementor-column-gap-no\">\n\t\t\t\t\t<div class=\"elementor-column elementor-col-100 elementor-top-column elementor-element elementor-element-75777088\" data-id=\"75777088\" data-element_type=\"column\">\n\t\t\t<div class=\"elementor-widget-wrap elementor-element-populated\">\n\t\t\t\t\t\t\t\t<div class=\"elementor-element elementor-element-4eecfca elementor-widget elementor-widget-heading\" data-id=\"4eecfca\" data-element_type=\"widget\" data-widget_type=\"heading.default\">\n\t\t\t\t<div class=\"elementor-widget-container\">\n\t\t\t<h4 class=\"elementor-heading-title elementor-size-default\">INFORMACJE O \u017b\u0141OBKU<\/h4>\t\t<\/div>\n\t\t\t\t<\/div>\n\t\t\t\t<div class=\"elementor-element elementor-element-1cc2c6e8 elementor-widget elementor-widget-text-editor\" data-id=\"1cc2c6e8\" data-element_type=\"widget\" data-widget_type=\"text-editor.default\">\n\t\t\t\t<div class=\"elementor-widget-container\">\n\t\t\t\t\t\t\t<p>\u017b\u0142obek funkcjonuj\u0119 od 2 wrze\u015bnia 2019 r. Dysponujemy dwiema salami zabaw. Dodatkowo przy plac\u00f3wce istnieje plac zabaw dostosowany do dzieci w wieku 1-3 lat.\u00a0 Do \u017b\u0142obka ucz\u0119szcza 24 dzieci, podzielonych na dwie grupy. Pierwsza grupa \u201eLiski\u201d liczy 15 dzieci, urodzonych w 2017 roku. Druga grupa \u201eJe\u017cyki\u201d liczy 9 dzieci, urodzonych w 2018 roku. \u017b\u0142obek dzia\u0142a od poniedzia\u0142ku do pi\u0105tki, w godzinach od 6:00 do 17:00. Bez przerwy wakacyjnej. Zatrudniamy 5 opiekunek. Ponad to w \u017b\u0142obku zatrudniona jest intendentka oraz sprz\u0105taczka. Z racji tego, \u017ce w \u017b\u0142obku jest powy\u017cej 20 dzieci, zatrudniona jest r\u00f3wnie\u017c piel\u0119gniarka na 1\/8 etatu.<\/p><p>Do zada\u0144 \u017c\u0142obka nale\u017cy:<\/p><p>&#8211; opieka nad dzieckiem w przyjaznej atmosferze;<\/p><p>&#8211; wspieranie rodzic\u00f3w w wychowywaniu dziecka;<\/p><p>&#8211; zagwarantowanie dziecku bezpiecze\u0144stwa podczas pobytu w \u017c\u0142obku;<\/p><p>&#8211; prowadzenie zaj\u0119\u0107 zabawowych, opieku\u0144czo-wychowawczych i edukacyjnych;<\/p><p>&#8211; wspieranie dziecka w harmonijnym rozwoju psychicznym i fizycznym z uwzgl\u0119dnieniem\u00a0 jego indywidualnych potrzeb i mo\u017cliwo\u015bci;<\/p><p>&#8211; wsp\u00f3\u0142praca z rodzicami;<\/p><p>&#8211; wsp\u00f3\u0142praca ze spo\u0142eczno\u015bci\u0105 lokaln\u0105.<\/p>\t\t\t\t\t\t<\/div>\n\t\t\t\t<\/div>\n\t\t\t\t\t<\/div>\n\t\t<\/div>\n\t\t\t\t\t\t\t<\/div>\n\t\t<\/section>\n\t\t\t\t\t\t\t<\/div>\n\t\t","protected":false},"excerpt":{"rendered":"<p>INFORMACJE O \u017b\u0141OBKU \u017b\u0142obek funkcjonuj\u0119 od 2 wrze\u015bnia 2019 r. Dysponujemy dwiema salami zabaw. Dodatkowo przy plac\u00f3wce istnieje plac zabaw dostosowany do dzieci w wieku 1-3 lat.\u00a0 Do \u017b\u0142obka ucz\u0119szcza 24 dzieci, podzielonych na dwie grupy. Pierwsza grupa \u201eLiski\u201d liczy 15 dzieci, urodzonych w 2017 roku. Druga grupa \u201eJe\u017cyki\u201d liczy 9 dzieci, urodzonych w 2018&hellip; <br \/> <a class=\"read-more\" href=\"http:\/\/zlobek.krzyz.pl\/index.php\/informacja-o-zlobku\/\">Przeczytaj wi\u0119cej<\/a><\/p>\n","protected":false},"author":1,"featured_media":0,"parent":0,"menu_order":0,"comment_status":"closed","ping_status":"closed","template":"","meta":{"footnotes":""},"class_list":["post-136","page","type-page","status-publish","hentry"],"aioseo_notices":[],"_links":{"self":[{"href":"http:\/\/zlobek.krzyz.pl\/index.php\/wp-json\/wp\/v2\/pages\/136"}],"collection":[{"href":"http:\/\/zlobek.krzyz.pl\/index.php\/wp-json\/wp\/v2\/pages"}],"about":[{"href":"http:\/\/zlobek.krzyz.pl\/index.php\/wp-json\/wp\/v2\/types\/page"}],"author":[{"embeddable":true,"href":"http:\/\/zlobek.krzyz.pl\/index.php\/wp-json\/wp\/v2\/users\/1"}],"replies":[{"embeddable":true,"href":"http:\/\/zlobek.krzyz.pl\/index.php\/wp-json\/wp\/v2\/comments?post=136"}],"version-history":[{"count":2,"href":"http:\/\/zlobek.krzyz.pl\/index.php\/wp-json\/wp\/v2\/pages\/136\/revisions"}],"predecessor-version":[{"id":153,"href":"http:\/\/zlobek.krzyz.pl\/index.php\/wp-json\/wp\/v2\/pages\/136\/revisions\/153"}],"wp:attachment":[{"href":"http:\/\/zlobek.krzyz.pl\/index.php\/wp-json\/wp\/v2\/media?parent=136"}],"curies":[{"name":"wp","href":"https:\/\/api.w.org\/{rel}","templated":true}]}}