{"id":138,"date":"2020-05-09T16:35:24","date_gmt":"2020-05-09T14:35:24","guid":{"rendered":"http:\/\/zlobek.krzyz.pl\/?page_id=138"},"modified":"2020-05-10T16:04:43","modified_gmt":"2020-05-10T14:04:43","slug":"grupy","status":"publish","type":"page","link":"http:\/\/zlobek.krzyz.pl\/index.php\/grupy\/","title":{"rendered":"Grupy"},"content":{"rendered":"\t\t<div data-elementor-type=\"wp-page\" data-elementor-id=\"138\" class=\"elementor elementor-138\">\n\t\t\t\t\t\t\t\t\t<section class=\"elementor-section elementor-top-section elementor-element elementor-element-99e58ad elementor-section-boxed elementor-section-height-default elementor-section-height-default\" data-id=\"99e58ad\" data-element_type=\"section\">\n\t\t\t\t\t\t<div class=\"elementor-container elementor-column-gap-default\">\n\t\t\t\t\t<div class=\"elementor-column elementor-col-100 elementor-top-column elementor-element elementor-element-09cf4d4\" data-id=\"09cf4d4\" data-element_type=\"column\">\n\t\t\t<div class=\"elementor-widget-wrap\">\n\t\t\t\t\t\t\t\t\t<\/div>\n\t\t<\/div>\n\t\t\t\t\t\t\t<\/div>\n\t\t<\/section>\n\t\t\t\t<section class=\"elementor-section elementor-top-section elementor-element elementor-element-f8af012 elementor-section-boxed elementor-section-height-default elementor-section-height-default\" data-id=\"f8af012\" data-element_type=\"section\">\n\t\t\t\t\t\t<div class=\"elementor-container elementor-column-gap-default\">\n\t\t\t\t\t<div class=\"elementor-column elementor-col-100 elementor-top-column elementor-element elementor-element-4b10025\" data-id=\"4b10025\" data-element_type=\"column\">\n\t\t\t<div class=\"elementor-widget-wrap elementor-element-populated\">\n\t\t\t\t\t\t\t\t<div class=\"elementor-element elementor-element-c67e9fb elementor-position-left elementor-vertical-align-top elementor-widget elementor-widget-image-box\" data-id=\"c67e9fb\" data-element_type=\"widget\" data-widget_type=\"image-box.default\">\n\t\t\t\t<div class=\"elementor-widget-container\">\n\t\t\t<div class=\"elementor-image-box-wrapper\"><figure class=\"elementor-image-box-img\"><img loading=\"lazy\" decoding=\"async\" width=\"866\" height=\"866\" src=\"http:\/\/zlobek.krzyz.pl\/wp-content\/uploads\/2020\/05\/lis.jpg\" class=\"attachment-full size-full wp-image-155\" alt=\"\" srcset=\"http:\/\/zlobek.krzyz.pl\/wp-content\/uploads\/2020\/05\/lis.jpg 866w, http:\/\/zlobek.krzyz.pl\/wp-content\/uploads\/2020\/05\/lis-300x300.jpg 300w, http:\/\/zlobek.krzyz.pl\/wp-content\/uploads\/2020\/05\/lis-150x150.jpg 150w, http:\/\/zlobek.krzyz.pl\/wp-content\/uploads\/2020\/05\/lis-768x768.jpg 768w\" sizes=\"(max-width: 866px) 100vw, 866px\" \/><\/figure><div class=\"elementor-image-box-content\"><h3 class=\"elementor-image-box-title\">Liski<\/h3><p class=\"elementor-image-box-description\">Grupa liczy 15 dzieci w wieku 2-3 lat. Dzie\u0107mi opiekuj\u0105 si\u0119 ciocia Gosia, ciocia Agata oraz ciocia Paulina.<\/p><\/div><\/div>\t\t<\/div>\n\t\t\t\t<\/div>\n\t\t\t\t\t<\/div>\n\t\t<\/div>\n\t\t\t\t\t\t\t<\/div>\n\t\t<\/section>\n\t\t\t\t<section class=\"elementor-section elementor-top-section elementor-element elementor-element-6f03b98 elementor-section-boxed elementor-section-height-default elementor-section-height-default\" data-id=\"6f03b98\" data-element_type=\"section\">\n\t\t\t\t\t\t<div class=\"elementor-container elementor-column-gap-default\">\n\t\t\t\t\t<div class=\"elementor-column elementor-col-100 elementor-top-column elementor-element elementor-element-eec0ea5\" data-id=\"eec0ea5\" data-element_type=\"column\">\n\t\t\t<div class=\"elementor-widget-wrap elementor-element-populated\">\n\t\t\t\t\t\t\t\t<div class=\"elementor-element elementor-element-cb3cc2e elementor-position-right elementor-vertical-align-top elementor-widget elementor-widget-image-box\" data-id=\"cb3cc2e\" data-element_type=\"widget\" data-widget_type=\"image-box.default\">\n\t\t\t\t<div class=\"elementor-widget-container\">\n\t\t\t<div class=\"elementor-image-box-wrapper\"><figure class=\"elementor-image-box-img\"><img loading=\"lazy\" decoding=\"async\" width=\"320\" height=\"320\" src=\"http:\/\/zlobek.krzyz.pl\/wp-content\/uploads\/2020\/05\/jez.png\" class=\"attachment-full size-full wp-image-156\" alt=\"\" srcset=\"http:\/\/zlobek.krzyz.pl\/wp-content\/uploads\/2020\/05\/jez.png 320w, http:\/\/zlobek.krzyz.pl\/wp-content\/uploads\/2020\/05\/jez-300x300.png 300w, http:\/\/zlobek.krzyz.pl\/wp-content\/uploads\/2020\/05\/jez-150x150.png 150w\" sizes=\"(max-width: 320px) 100vw, 320px\" \/><\/figure><div class=\"elementor-image-box-content\"><h3 class=\"elementor-image-box-title\">Je\u017cyki<\/h3><p class=\"elementor-image-box-description\">Grupa liczy 9 dzieci w wieku 1-2 lat. Dzie\u0107mi opiekuj\u0105 si\u0119 ciocia Natalia oraz ciocia Monika.<\/p><\/div><\/div>\t\t<\/div>\n\t\t\t\t<\/div>\n\t\t\t\t\t<\/div>\n\t\t<\/div>\n\t\t\t\t\t\t\t<\/div>\n\t\t<\/section>\n\t\t\t\t\t\t\t<\/div>\n\t\t","protected":false},"excerpt":{"rendered":"<p>Liski Grupa liczy 15 dzieci w wieku 2-3 lat. Dzie\u0107mi opiekuj\u0105 si\u0119 ciocia Gosia, ciocia Agata oraz ciocia Paulina. Je\u017cyki Grupa liczy 9 dzieci w wieku 1-2 lat. Dzie\u0107mi opiekuj\u0105 si\u0119 ciocia Natalia oraz ciocia Monika.<\/p>\n","protected":false},"author":1,"featured_media":0,"parent":0,"menu_order":0,"comment_status":"closed","ping_status":"closed","template":"","meta":{"footnotes":""},"class_list":["post-138","page","type-page","status-publish","hentry"],"aioseo_notices":[],"_links":{"self":[{"href":"http:\/\/zlobek.krzyz.pl\/index.php\/wp-json\/wp\/v2\/pages\/138"}],"collection":[{"href":"http:\/\/zlobek.krzyz.pl\/index.php\/wp-json\/wp\/v2\/pages"}],"about":[{"href":"http:\/\/zlobek.krzyz.pl\/index.php\/wp-json\/wp\/v2\/types\/page"}],"author":[{"embeddable":true,"href":"http:\/\/zlobek.krzyz.pl\/index.php\/wp-json\/wp\/v2\/users\/1"}],"replies":[{"embeddable":true,"href":"http:\/\/zlobek.krzyz.pl\/index.php\/wp-json\/wp\/v2\/comments?post=138"}],"version-history":[{"count":2,"href":"http:\/\/zlobek.krzyz.pl\/index.php\/wp-json\/wp\/v2\/pages\/138\/revisions"}],"predecessor-version":[{"id":157,"href":"http:\/\/zlobek.krzyz.pl\/index.php\/wp-json\/wp\/v2\/pages\/138\/revisions\/157"}],"wp:attachment":[{"href":"http:\/\/zlobek.krzyz.pl\/index.php\/wp-json\/wp\/v2\/media?parent=138"}],"curies":[{"name":"wp","href":"https:\/\/api.w.org\/{rel}","templated":true}]}}