{"id":147,"date":"2020-05-09T16:38:47","date_gmt":"2020-05-09T14:38:47","guid":{"rendered":"http:\/\/zlobek.krzyz.pl\/?page_id=147"},"modified":"2020-05-10T16:57:03","modified_gmt":"2020-05-10T14:57:03","slug":"zajecia-w-zlobku","status":"publish","type":"page","link":"http:\/\/zlobek.krzyz.pl\/index.php\/zajecia-w-zlobku\/","title":{"rendered":"Zaj\u0119cia w \u017c\u0142obku"},"content":{"rendered":"\t\t<div data-elementor-type=\"wp-page\" data-elementor-id=\"147\" class=\"elementor elementor-147\">\n\t\t\t\t\t\t\t\t\t<section class=\"elementor-section elementor-top-section elementor-element elementor-element-6f0479bb elementor-section-content-middle elementor-section-boxed elementor-section-height-default elementor-section-height-default\" data-id=\"6f0479bb\" data-element_type=\"section\">\n\t\t\t\t\t\t<div class=\"elementor-container elementor-column-gap-no\">\n\t\t\t\t\t<div class=\"elementor-column elementor-col-100 elementor-top-column elementor-element elementor-element-491054fc\" data-id=\"491054fc\" data-element_type=\"column\">\n\t\t\t<div class=\"elementor-widget-wrap elementor-element-populated\">\n\t\t\t\t\t\t\t\t<div class=\"elementor-element elementor-element-6299682 elementor-widget elementor-widget-heading\" data-id=\"6299682\" data-element_type=\"widget\" data-widget_type=\"heading.default\">\n\t\t\t\t<div class=\"elementor-widget-container\">\n\t\t\t<h4 class=\"elementor-heading-title elementor-size-default\">Zaj\u0119cia realizowane w \u017b\u0142obku<\/h4>\t\t<\/div>\n\t\t\t\t<\/div>\n\t\t\t\t<div class=\"elementor-element elementor-element-26e93f5a elementor-widget elementor-widget-text-editor\" data-id=\"26e93f5a\" data-element_type=\"widget\" data-widget_type=\"text-editor.default\">\n\t\t\t\t<div class=\"elementor-widget-container\">\n\t\t\t\t\t\t\t<p>&#8211; nauka czytania metod\u0105 Glenna Domana \u2013 jest metoda nauki czytania globalnego dla dzieci ju\u017c od 6 msc, \u017cycia. Dzieci poprzez bodziec wzrokowy zapami\u0119tuj\u0119 jak wygl\u0105da dane s\u0142owo.<\/p><p>&#8211; zaj\u0119cia kulinarne \u2013 dzieci poznaj\u0105 w ten spos\u00f3b jak mo\u017cna przygotowa\u0107 posi\u0142ek, ucz\u0105 si\u0119 poprzez do\u015bwiadczenie, obserwacj\u0119. Pomagaj\u0105 podczas zaj\u0119\u0107. Ucz\u0105 si\u0119, jak dzia\u0142aj\u0105 domowe sprz\u0119ty, dzi\u0119ki kt\u00f3rym mo\u017cna przygotowa\u0107 posi\u0142ek.<\/p><p>&#8211; zaj\u0119cia na \u015bwie\u017cym powietrzu oraz opieka nad ogr\u00f3dkiem \u2013 przebywanie na \u015bwie\u017cym powietrzu wspomaga rozw\u00f3j fizyczny i psychoruchowy. Ponad to opieka nad ogr\u00f3dkiem nauczy dzieci: co mo\u017cna sia\u0107, sadzi\u0107, co wyrasta z r\u00f3\u017cnych nasion, cebulek, cierpliwo\u015bci, poniewa\u017c b\u0119d\u0105 musia\u0142y czeka\u0107 na wzrost ro\u015blin, pracowito\u015bci \u2013 dzieci b\u0119d\u0105 musia\u0142y podlewa\u0107, pieli\u0107, a tak\u017ce czym jest obowi\u0105zek piel\u0119gnacji ro\u015blin.<\/p><p>&#8211; eksperymenty \u2013 podczas tych zaj\u0119\u0107 dzieci rozwijaj\u0105 kreatywno\u015b\u0107, ciekawo\u015b\u0107 oraz zainteresowania techniczne i przyrodnicze. Zaj\u0119cia te stymuluj\u0105 aktywno\u015b\u0107 poznawcz\u0105. Dzieci poprzez obserwacje i dzia\u0142anie poznaj\u0105 r\u00f3\u017cne procesy kt\u00f3re zachodz\u0105 w przyrodzie.<\/p><p>&#8211; zaj\u0119cia prowadzone metod\u0105 Ruchu Rozwijaj\u0105cego Weroniki Sherborne \u2013 s\u0105 to zaj\u0119cia ruchowo-terapeutyczne, kt\u00f3ry wspomagaj\u0105 rozw\u00f3j psychoruchowy dziecka. Zadaniem tej metody jest rozwijanie przez ruch sprawno\u015bci ruchowej, \u015bwiadomo\u015bci w\u0142asnego cia\u0142a oraz wsp\u00f3\u0142dzia\u0142ania z innymi w bliskim kontakcie.<\/p><p>&#8211; zaj\u0119cia rytmiczne \u2013 zaj\u0119cia te maj\u0105 za zadanie rozwijanie s\u0142uchu muzycznego, poczucia rytmu, wyobra\u017ani i inwencji tw\u00f3rczej.<\/p><p>&#8211; bajkoterapia \u2013 dzieci podczas wsp\u00f3lnego czytania bajek rozwijaj\u0105 wyobra\u017anie oraz umiej\u0119tno\u015b\u0107 uwa\u017cnego s\u0142uchania. Poznaj\u0105 r\u00f3wnie\u017c nowe s\u0142ownictwo. Ponadto czytanie ma za\u00a0 zadanie wyciszenie dzieci przed drzemk\u0105.<\/p><p>&#8211; zaj\u0119cia artystyczne \u2013 dzi\u0119ki zaj\u0119ciom artystycznym dzieci rozwijaj\u0105 wyobra\u017anie, tw\u00f3rcz\u0105 aktywno\u015b\u0107, oraz ekspresj\u0119 plastyczn\u0105. Ponadto poznaj\u0105 r\u00f3\u017cnorodne techniki plastyczne.<\/p><p>&#8211; zaj\u0119cia og\u00f3lnorozwojowe \u2013 s\u0105 to zaj\u0119cia, kt\u00f3re wspomagaj\u0105 harmonijny rozw\u00f3j psychiczny i fizyczny. Podczas tych zaj\u0119\u0107 przeplata\u0107 b\u0119d\u0105 si\u0119 r\u00f3\u017cne formy i metody. Dziecko b\u0119dzie \u0107wiczy\u0107 mi\u0119dzy innymi: koordynacj\u0119 wzrokowo-ruchow\u0105, swoje zmys\u0142y, wsp\u00f3\u0142dzia\u0142ania w grupie, ma\u0142\u0105 i du\u017c\u0105 motoryk\u0119 i wiele innych.<\/p>\t\t\t\t\t\t<\/div>\n\t\t\t\t<\/div>\n\t\t\t\t\t<\/div>\n\t\t<\/div>\n\t\t\t\t\t\t\t<\/div>\n\t\t<\/section>\n\t\t\t\t\t\t\t<\/div>\n\t\t","protected":false},"excerpt":{"rendered":"<p>Zaj\u0119cia realizowane w \u017b\u0142obku &#8211; nauka czytania metod\u0105 Glenna Domana \u2013 jest metoda nauki czytania globalnego dla dzieci ju\u017c od 6 msc, \u017cycia. Dzieci poprzez bodziec wzrokowy zapami\u0119tuj\u0119 jak wygl\u0105da dane s\u0142owo. &#8211; zaj\u0119cia kulinarne \u2013 dzieci poznaj\u0105 w ten spos\u00f3b jak mo\u017cna przygotowa\u0107 posi\u0142ek, ucz\u0105 si\u0119 poprzez do\u015bwiadczenie, obserwacj\u0119. Pomagaj\u0105 podczas zaj\u0119\u0107. Ucz\u0105 si\u0119,&hellip; <br \/> <a class=\"read-more\" href=\"http:\/\/zlobek.krzyz.pl\/index.php\/zajecia-w-zlobku\/\">Przeczytaj wi\u0119cej<\/a><\/p>\n","protected":false},"author":1,"featured_media":0,"parent":0,"menu_order":0,"comment_status":"closed","ping_status":"closed","template":"","meta":{"footnotes":""},"class_list":["post-147","page","type-page","status-publish","hentry"],"aioseo_notices":[],"_links":{"self":[{"href":"http:\/\/zlobek.krzyz.pl\/index.php\/wp-json\/wp\/v2\/pages\/147"}],"collection":[{"href":"http:\/\/zlobek.krzyz.pl\/index.php\/wp-json\/wp\/v2\/pages"}],"about":[{"href":"http:\/\/zlobek.krzyz.pl\/index.php\/wp-json\/wp\/v2\/types\/page"}],"author":[{"embeddable":true,"href":"http:\/\/zlobek.krzyz.pl\/index.php\/wp-json\/wp\/v2\/users\/1"}],"replies":[{"embeddable":true,"href":"http:\/\/zlobek.krzyz.pl\/index.php\/wp-json\/wp\/v2\/comments?post=147"}],"version-history":[{"count":2,"href":"http:\/\/zlobek.krzyz.pl\/index.php\/wp-json\/wp\/v2\/pages\/147\/revisions"}],"predecessor-version":[{"id":171,"href":"http:\/\/zlobek.krzyz.pl\/index.php\/wp-json\/wp\/v2\/pages\/147\/revisions\/171"}],"wp:attachment":[{"href":"http:\/\/zlobek.krzyz.pl\/index.php\/wp-json\/wp\/v2\/media?parent=147"}],"curies":[{"name":"wp","href":"https:\/\/api.w.org\/{rel}","templated":true}]}}