{"id":83,"date":"2019-09-02T21:28:32","date_gmt":"2019-09-02T19:28:32","guid":{"rendered":"http:\/\/zlobek.krzyz.pl\/?page_id=83"},"modified":"2020-05-10T17:35:02","modified_gmt":"2020-05-10T15:35:02","slug":"rodo","status":"publish","type":"page","link":"http:\/\/zlobek.krzyz.pl\/index.php\/rodo\/","title":{"rendered":"RODO"},"content":{"rendered":"\t\t<div data-elementor-type=\"wp-post\" data-elementor-id=\"83\" class=\"elementor elementor-83\">\n\t\t\t\t\t\t\t\t\t<section class=\"elementor-section elementor-top-section elementor-element elementor-element-283625f4 elementor-section-content-middle elementor-section-boxed elementor-section-height-default elementor-section-height-default\" data-id=\"283625f4\" data-element_type=\"section\">\n\t\t\t\t\t\t\t<div class=\"elementor-background-overlay\"><\/div>\n\t\t\t\t\t\t\t<div class=\"elementor-container elementor-column-gap-no\">\n\t\t\t\t\t<div class=\"elementor-column elementor-col-100 elementor-top-column elementor-element elementor-element-6bad0dfd\" data-id=\"6bad0dfd\" data-element_type=\"column\">\n\t\t\t<div class=\"elementor-widget-wrap elementor-element-populated\">\n\t\t\t\t\t\t\t\t<div class=\"elementor-element elementor-element-4fa488f0 elementor-widget elementor-widget-icon-box\" data-id=\"4fa488f0\" data-element_type=\"widget\" data-widget_type=\"icon-box.default\">\n\t\t\t\t<div class=\"elementor-widget-container\">\n\t\t\t\t\t<div class=\"elementor-icon-box-wrapper\">\n\t\t\t\t\t\t<div class=\"elementor-icon-box-content\">\n\t\t\t\t<h4 class=\"elementor-icon-box-title\">\n\t\t\t\t\t<span  >\n\t\t\t\t\t\t\t\t\t\t\t<\/span>\n\t\t\t\t<\/h4>\n\t\t\t\t\t\t\t\t\t<p class=\"elementor-icon-box-description\">\n\t\t\t\t\t\tKlauzula informacyjna RODO\t\t\t\t\t<\/p>\n\t\t\t\t\t\t\t<\/div>\n\t\t<\/div>\n\t\t\t\t<\/div>\n\t\t\t\t<\/div>\n\t\t\t\t<div class=\"elementor-element elementor-element-43d4c219 elementor-widget elementor-widget-text-editor\" data-id=\"43d4c219\" data-element_type=\"widget\" data-widget_type=\"text-editor.default\">\n\t\t\t\t<div class=\"elementor-widget-container\">\n\t\t\t\t\t\t\t<p>Zgodnie z Rozporz\u0105dzeniem o Ochronie Danych Osobowych informujemy,&nbsp; \u017ce administratorem danych osobowych Pa\u0144stwa i Pa\u0144stwa dziecka jest \u017b\u0142obek&nbsp; w Krzy\u017cu Wielkopolskim, ul. Zachodnia 15, 64-761 Krzy\u017c Wielkopolski. &nbsp;<br>W sprawach zwi\u0105zanych z tymi danymi mo\u017cna kontaktowa\u0107 si\u0119 z naszym Inspektorem Ochrony Danych, pod adresem e-mail: iod@ppz.krzyz.pl. <br>Dane osobowe b\u0119d\u0105 przetwarzane i przechowywane w celu realizacji opieki nad Pa\u0144stwa dzieckiem, na podstawie obowi\u0105zuj\u0105cych przepis\u00f3w prawa, w tym ustawy o opiece&nbsp; nad dzie\u0107mi w wieku do lat 3, przez okres realizacji opieki oraz po jej zako\u0144czeniu zgodnie obowi\u0105zuj\u0105cymi z przepisami kancelaryjnymi i archiwalnymi. &nbsp;<br>W zakresie, kt\u00f3ry nie jest ograniczony innymi przepisami prawa, posiadacie Pa\u0144stwo prawo dost\u0119pu do tre\u015bci swoich danych osobowych oraz prawo do ich sprostowania, usuni\u0119cia, ograniczenia przetwarzania, prawo do przenoszenia, wniesienia sprzeciwu, a tak\u017ce prawo&nbsp; do cofni\u0119cia zgody w dowolnym momencie je\u017celi przetwarzanie odbywa si\u0119 na podstawie wyra\u017conej przez Pa\u0144stwa zgody. <br>Dane osobowe mog\u0105 by\u0107 przekazywane podmiotom uprawnionym na mocy przepis\u00f3w prawa oraz podmiotom wspomagaj\u0105cym \u017c\u0142obek w finansowo &#8211; ksi\u0119gowym&nbsp; oraz informatycznym przetwarzaniu danych, na podstawie umowy powierzenia danych osobowych. <br>Macie Pa\u0144stwo prawo wniesienia skargi do Prezesa Urz\u0119du Ochrony Danych Osobowych,&nbsp; gdy uznacie, i\u017c przetwarzanie danych osobowych narusza przepisy RODO. <br>Podanie przez Pa\u0144stwa danych osobowych w zakresie wynikaj\u0105cym z prawnie uzasadnionych interes\u00f3w jest wymogiem ustawowym, natomiast w zakresie danych przekazanych dobrowolnie, tre\u015b\u0107 ewentualnej zgody lub umowy b\u0119dzie okre\u015bla\u0107, w jakim celu b\u0119dziemy przetwarza\u0107 te dane. <br>Podane dane nie b\u0119d\u0105 przetwarzane w spos\u00f3b zautomatyzowany, w tym nie zostanie zastosowane wobec nich profilowanie. <\/p>\t\t\t\t\t\t<\/div>\n\t\t\t\t<\/div>\n\t\t\t\t\t<\/div>\n\t\t<\/div>\n\t\t\t\t\t\t\t<\/div>\n\t\t<\/section>\n\t\t\t\t<section class=\"elementor-section elementor-top-section elementor-element elementor-element-2289d68 elementor-section-boxed elementor-section-height-default elementor-section-height-default\" data-id=\"2289d68\" data-element_type=\"section\">\n\t\t\t\t\t\t<div class=\"elementor-container elementor-column-gap-default\">\n\t\t\t\t\t<div class=\"elementor-column elementor-col-100 elementor-top-column elementor-element elementor-element-9b282f2\" data-id=\"9b282f2\" data-element_type=\"column\">\n\t\t\t<div class=\"elementor-widget-wrap elementor-element-populated\">\n\t\t\t\t\t\t\t\t<div class=\"elementor-element elementor-element-b4573f0 elementor-widget-divider--view-line elementor-widget elementor-widget-divider\" data-id=\"b4573f0\" data-element_type=\"widget\" data-widget_type=\"divider.default\">\n\t\t\t\t<div class=\"elementor-widget-container\">\n\t\t\t\t\t<div class=\"elementor-divider\">\n\t\t\t<span class=\"elementor-divider-separator\">\n\t\t\t\t\t\t<\/span>\n\t\t<\/div>\n\t\t\t\t<\/div>\n\t\t\t\t<\/div>\n\t\t\t\t\t<\/div>\n\t\t<\/div>\n\t\t\t\t\t\t\t<\/div>\n\t\t<\/section>\n\t\t\t\t<section class=\"elementor-section elementor-top-section elementor-element elementor-element-fe99c3a elementor-section-boxed elementor-section-height-default elementor-section-height-default\" data-id=\"fe99c3a\" data-element_type=\"section\">\n\t\t\t\t\t\t<div class=\"elementor-container elementor-column-gap-default\">\n\t\t\t\t\t<div class=\"elementor-column elementor-col-50 elementor-top-column elementor-element elementor-element-4fe661d\" data-id=\"4fe661d\" data-element_type=\"column\">\n\t\t\t<div class=\"elementor-widget-wrap elementor-element-populated\">\n\t\t\t\t\t\t\t\t<div class=\"elementor-element elementor-element-1a74d48 elementor-position-left elementor-view-default elementor-mobile-position-top elementor-vertical-align-top elementor-widget elementor-widget-icon-box\" data-id=\"1a74d48\" data-element_type=\"widget\" data-widget_type=\"icon-box.default\">\n\t\t\t\t<div class=\"elementor-widget-container\">\n\t\t\t\t\t<div class=\"elementor-icon-box-wrapper\">\n\t\t\t\t\t\t<div class=\"elementor-icon-box-icon\">\n\t\t\t\t<a href=\"http:\/\/zlobek.krzyz.pl\/wp-content\/uploads\/2020\/05\/Klauzula_informacyjna_ZLOBEK_tablica.pdf\" target=\"_blank\" class=\"elementor-icon elementor-animation-grow\" tabindex=\"-1\">\n\t\t\t\t<i aria-hidden=\"true\" class=\"far fa-share-square\"><\/i>\t\t\t\t<\/a>\n\t\t\t<\/div>\n\t\t\t\t\t\t<div class=\"elementor-icon-box-content\">\n\t\t\t\t<h3 class=\"elementor-icon-box-title\">\n\t\t\t\t\t<a href=\"http:\/\/zlobek.krzyz.pl\/wp-content\/uploads\/2020\/05\/Klauzula_informacyjna_ZLOBEK_tablica.pdf\" target=\"_blank\" >\n\t\t\t\t\t\tKlauzula informacyjna\t\t\t\t\t<\/a>\n\t\t\t\t<\/h3>\n\t\t\t\t\t\t\t<\/div>\n\t\t<\/div>\n\t\t\t\t<\/div>\n\t\t\t\t<\/div>\n\t\t\t\t\t<\/div>\n\t\t<\/div>\n\t\t\t\t<div class=\"elementor-column elementor-col-50 elementor-top-column elementor-element elementor-element-1794076\" data-id=\"1794076\" data-element_type=\"column\">\n\t\t\t<div class=\"elementor-widget-wrap elementor-element-populated\">\n\t\t\t\t\t\t\t\t<div class=\"elementor-element elementor-element-66277f2 elementor-position-left elementor-view-default elementor-mobile-position-top elementor-vertical-align-top elementor-widget elementor-widget-icon-box\" data-id=\"66277f2\" data-element_type=\"widget\" data-widget_type=\"icon-box.default\">\n\t\t\t\t<div class=\"elementor-widget-container\">\n\t\t\t\t\t<div class=\"elementor-icon-box-wrapper\">\n\t\t\t\t\t\t<div class=\"elementor-icon-box-icon\">\n\t\t\t\t<a href=\"http:\/\/zlobek.krzyz.pl\/wp-content\/uploads\/2020\/05\/Informacja-o-ochronie-danych-osobowych.pdf\" target=\"_blank\" class=\"elementor-icon elementor-animation-grow\" tabindex=\"-1\">\n\t\t\t\t<i aria-hidden=\"true\" class=\"far fa-share-square\"><\/i>\t\t\t\t<\/a>\n\t\t\t<\/div>\n\t\t\t\t\t\t<div class=\"elementor-icon-box-content\">\n\t\t\t\t<h3 class=\"elementor-icon-box-title\">\n\t\t\t\t\t<a href=\"http:\/\/zlobek.krzyz.pl\/wp-content\/uploads\/2020\/05\/Informacja-o-ochronie-danych-osobowych.pdf\" target=\"_blank\" >\n\t\t\t\t\t\tInformacja o ochronie danych osobowych\t\t\t\t\t<\/a>\n\t\t\t\t<\/h3>\n\t\t\t\t\t\t\t<\/div>\n\t\t<\/div>\n\t\t\t\t<\/div>\n\t\t\t\t<\/div>\n\t\t\t\t\t<\/div>\n\t\t<\/div>\n\t\t\t\t\t\t\t<\/div>\n\t\t<\/section>\n\t\t\t\t\t\t\t<\/div>\n\t\t","protected":false},"excerpt":{"rendered":"<p>Klauzula informacyjna RODO Zgodnie z Rozporz\u0105dzeniem o Ochronie Danych Osobowych informujemy,&nbsp; \u017ce administratorem danych osobowych Pa\u0144stwa i Pa\u0144stwa dziecka jest \u017b\u0142obek&nbsp; w Krzy\u017cu Wielkopolskim, ul. Zachodnia 15, 64-761 Krzy\u017c Wielkopolski. &nbsp;W sprawach zwi\u0105zanych z tymi danymi mo\u017cna kontaktowa\u0107 si\u0119 z naszym Inspektorem Ochrony Danych, pod adresem e-mail: iod@ppz.krzyz.pl. Dane osobowe b\u0119d\u0105 przetwarzane i przechowywane w&hellip; <br \/> <a class=\"read-more\" href=\"http:\/\/zlobek.krzyz.pl\/index.php\/rodo\/\">Przeczytaj wi\u0119cej<\/a><\/p>\n","protected":false},"author":1,"featured_media":0,"parent":0,"menu_order":0,"comment_status":"closed","ping_status":"closed","template":"","meta":{"footnotes":""},"class_list":["post-83","page","type-page","status-publish","hentry"],"aioseo_notices":[],"_links":{"self":[{"href":"http:\/\/zlobek.krzyz.pl\/index.php\/wp-json\/wp\/v2\/pages\/83"}],"collection":[{"href":"http:\/\/zlobek.krzyz.pl\/index.php\/wp-json\/wp\/v2\/pages"}],"about":[{"href":"http:\/\/zlobek.krzyz.pl\/index.php\/wp-json\/wp\/v2\/types\/page"}],"author":[{"embeddable":true,"href":"http:\/\/zlobek.krzyz.pl\/index.php\/wp-json\/wp\/v2\/users\/1"}],"replies":[{"embeddable":true,"href":"http:\/\/zlobek.krzyz.pl\/index.php\/wp-json\/wp\/v2\/comments?post=83"}],"version-history":[{"count":3,"href":"http:\/\/zlobek.krzyz.pl\/index.php\/wp-json\/wp\/v2\/pages\/83\/revisions"}],"predecessor-version":[{"id":186,"href":"http:\/\/zlobek.krzyz.pl\/index.php\/wp-json\/wp\/v2\/pages\/83\/revisions\/186"}],"wp:attachment":[{"href":"http:\/\/zlobek.krzyz.pl\/index.php\/wp-json\/wp\/v2\/media?parent=83"}],"curies":[{"name":"wp","href":"https:\/\/api.w.org\/{rel}","templated":true}]}}